{"id":335,"date":"2026-04-12T19:03:14","date_gmt":"2026-04-12T17:03:14","guid":{"rendered":"https:\/\/www.audreylegros-psychologueenligne.com\/?page_id=335"},"modified":"2026-04-12T19:03:14","modified_gmt":"2026-04-12T17:03:14","slug":"mon-approche-et-mes-outils","status":"publish","type":"page","link":"https:\/\/www.audreylegros-psychologueenligne.com\/index.php\/mon-approche-et-mes-outils\/","title":{"rendered":"Mon approche et mes outils"},"content":{"rendered":"\n<p><strong>Mon approche : int\u00e9grative <\/strong><\/p>\n\n\n\n<p>Une approche int\u00e9grative en psychologie renvoie \u00e0 une combinaison de plusieurs courants th\u00e9oriques et \u00e0 l\u2018utilisation de diff\u00e9rents outils th\u00e9rapeutiques. En se r\u00e9f\u00e9rant \u00e0 cette diversit\u00e9, la th\u00e9rapie devient plus adaptative et construite en fonction de la singularit\u00e9 du patient. Bien que le protocole que je suis est compos\u00e9 de 3 grandes \u00e9tapes : stabilisation, changement et consolidation. Mon approche int\u00e9grative \u00e0 pour vocation d\u2018\u00eatre souple, flexible et en coh\u00e9rence avec votre personnalit\u00e9, vos besoins et vos ressources. <\/p>\n\n\n\n<p>Mes outils : <\/p>\n\n\n\n<ul class=\"wp-block-list\">\n<li>Reparentage\/Visualisation <\/li>\n\n\n\n<li>EMDR (Eye Movement Desensitization and Reprocessing)<\/li>\n\n\n\n<li>ICV (Int\u00e9gration du Cycle de la Vie)<\/li>\n\n\n\n<li>IFS (Internal Family System)<\/li>\n\n\n\n<li>Analyse Transactionnelle <\/li>\n\n\n\n<li>CNV (Communication Non Violente)<\/li>\n\n\n\n<li>Relaxation <\/li>\n<\/ul>\n","protected":false},"excerpt":{"rendered":"<p>Mon approche : int\u00e9grative Une approche int\u00e9grative en psychologie renvoie \u00e0 une combinaison de plusieurs courants th\u00e9oriques et \u00e0 l\u2018utilisation de diff\u00e9rents outils th\u00e9rapeutiques. En se r\u00e9f\u00e9rant \u00e0 cette diversit\u00e9, la th\u00e9rapie devient plus adaptative et construite en fonction de la singularit\u00e9 du patient. Bien que le protocole que je suis est compos\u00e9 de 3 &hellip; <\/p>\n<p class=\"link-more\"><a href=\"https:\/\/www.audreylegros-psychologueenligne.com\/index.php\/mon-approche-et-mes-outils\/\" class=\"more-link\">Continuer la lecture<span class=\"screen-reader-text\"> de &laquo;&nbsp;Mon approche et mes outils&nbsp;&raquo;<\/span><\/a><\/p>\n","protected":false},"author":1,"featured_media":0,"parent":0,"menu_order":0,"comment_status":"closed","ping_status":"closed","template":"","meta":{"footnotes":""},"class_list":["post-335","page","type-page","status-publish","hentry"],"yoast_head":"<!-- This site is optimized with the Yoast SEO plugin v21.8.1 - https:\/\/yoast.com\/wordpress\/plugins\/seo\/ -->\n<title>Mon approche et mes outils - Audrey LEGROS<\/title>\n<meta name=\"robots\" content=\"index, follow, max-snippet:-1, max-image-preview:large, max-video-preview:-1\" \/>\n<link rel=\"canonical\" href=\"https:\/\/www.audreylegros-psychologueenligne.com\/index.php\/mon-approche-et-mes-outils\/\" \/>\n<meta property=\"og:locale\" content=\"fr_FR\" \/>\n<meta property=\"og:type\" content=\"article\" \/>\n<meta property=\"og:title\" content=\"Mon approche et mes outils - Audrey LEGROS\" \/>\n<meta property=\"og:description\" content=\"Mon approche : int\u00e9grative Une approche int\u00e9grative en psychologie renvoie \u00e0 une combinaison de plusieurs courants th\u00e9oriques et \u00e0 l\u2018utilisation de diff\u00e9rents outils th\u00e9rapeutiques. En se r\u00e9f\u00e9rant \u00e0 cette diversit\u00e9, la th\u00e9rapie devient plus adaptative et construite en fonction de la singularit\u00e9 du patient. Bien que le protocole que je suis est compos\u00e9 de 3 &hellip; Continuer la lecture de &laquo;&nbsp;Mon approche et mes outils&nbsp;&raquo;\" \/>\n<meta property=\"og:url\" content=\"https:\/\/www.audreylegros-psychologueenligne.com\/index.php\/mon-approche-et-mes-outils\/\" \/>\n<meta property=\"og:site_name\" content=\"Audrey LEGROS\" \/>\n<meta name=\"twitter:card\" content=\"summary_large_image\" \/>\n<meta name=\"twitter:label1\" content=\"Dur\u00e9e de lecture estim\u00e9e\" \/>\n\t<meta name=\"twitter:data1\" content=\"1 minute\" \/>\n<script type=\"application\/ld+json\" class=\"yoast-schema-graph\">{\"@context\":\"https:\/\/schema.org\",\"@graph\":[{\"@type\":\"WebPage\",\"@id\":\"https:\/\/www.audreylegros-psychologueenligne.com\/index.php\/mon-approche-et-mes-outils\/\",\"url\":\"https:\/\/www.audreylegros-psychologueenligne.com\/index.php\/mon-approche-et-mes-outils\/\",\"name\":\"Mon approche et mes outils - Audrey LEGROS\",\"isPartOf\":{\"@id\":\"https:\/\/www.audreylegros-psychologueenligne.com\/#website\"},\"datePublished\":\"2026-04-12T17:03:14+00:00\",\"dateModified\":\"2026-04-12T17:03:14+00:00\",\"breadcrumb\":{\"@id\":\"https:\/\/www.audreylegros-psychologueenligne.com\/index.php\/mon-approche-et-mes-outils\/#breadcrumb\"},\"inLanguage\":\"fr-FR\",\"potentialAction\":[{\"@type\":\"ReadAction\",\"target\":[\"https:\/\/www.audreylegros-psychologueenligne.com\/index.php\/mon-approche-et-mes-outils\/\"]}]},{\"@type\":\"BreadcrumbList\",\"@id\":\"https:\/\/www.audreylegros-psychologueenligne.com\/index.php\/mon-approche-et-mes-outils\/#breadcrumb\",\"itemListElement\":[{\"@type\":\"ListItem\",\"position\":1,\"name\":\"Home\",\"item\":\"https:\/\/www.audreylegros-psychologueenligne.com\/\"},{\"@type\":\"ListItem\",\"position\":2,\"name\":\"Mon approche et mes outils\"}]},{\"@type\":\"WebSite\",\"@id\":\"https:\/\/www.audreylegros-psychologueenligne.com\/#website\",\"url\":\"https:\/\/www.audreylegros-psychologueenligne.com\/\",\"name\":\"Audrey LEGROS Psychologue en Ligne\",\"description\":\"Psychologue En Ligne - \u00c9coute, Soutien, Psychoth\u00e9rapie\",\"publisher\":{\"@id\":\"https:\/\/www.audreylegros-psychologueenligne.com\/#\/schema\/person\/c9a41a80f6256c9ffafe7532707e1e54\"},\"potentialAction\":[{\"@type\":\"SearchAction\",\"target\":{\"@type\":\"EntryPoint\",\"urlTemplate\":\"https:\/\/www.audreylegros-psychologueenligne.com\/?s={search_term_string}\"},\"query-input\":\"required name=search_term_string\"}],\"inLanguage\":\"fr-FR\"},{\"@type\":[\"Person\",\"Organization\"],\"@id\":\"https:\/\/www.audreylegros-psychologueenligne.com\/#\/schema\/person\/c9a41a80f6256c9ffafe7532707e1e54\",\"name\":\"Youpi\",\"image\":{\"@type\":\"ImageObject\",\"inLanguage\":\"fr-FR\",\"@id\":\"https:\/\/www.audreylegros-psychologueenligne.com\/#\/schema\/person\/image\/\",\"url\":\"https:\/\/secure.gravatar.com\/avatar\/58aa2c9cccd118aa81e86637482bb6ab980853f0abee8c4ba5938dd0611931c2?s=96&d=mm&r=g\",\"contentUrl\":\"https:\/\/secure.gravatar.com\/avatar\/58aa2c9cccd118aa81e86637482bb6ab980853f0abee8c4ba5938dd0611931c2?s=96&d=mm&r=g\",\"caption\":\"Youpi\"},\"logo\":{\"@id\":\"https:\/\/www.audreylegros-psychologueenligne.com\/#\/schema\/person\/image\/\"},\"sameAs\":[\"http:\/\/audreylegros-therapeuteintuitive.com\"]}]}<\/script>\n<!-- \/ Yoast SEO plugin. -->","yoast_head_json":{"title":"Mon approche et mes outils - Audrey LEGROS","robots":{"index":"index","follow":"follow","max-snippet":"max-snippet:-1","max-image-preview":"max-image-preview:large","max-video-preview":"max-video-preview:-1"},"canonical":"https:\/\/www.audreylegros-psychologueenligne.com\/index.php\/mon-approche-et-mes-outils\/","og_locale":"fr_FR","og_type":"article","og_title":"Mon approche et mes outils - Audrey LEGROS","og_description":"Mon approche : int\u00e9grative Une approche int\u00e9grative en psychologie renvoie \u00e0 une combinaison de plusieurs courants th\u00e9oriques et \u00e0 l\u2018utilisation de diff\u00e9rents outils th\u00e9rapeutiques. En se r\u00e9f\u00e9rant \u00e0 cette diversit\u00e9, la th\u00e9rapie devient plus adaptative et construite en fonction de la singularit\u00e9 du patient. Bien que le protocole que je suis est compos\u00e9 de 3 &hellip; Continuer la lecture de &laquo;&nbsp;Mon approche et mes outils&nbsp;&raquo;","og_url":"https:\/\/www.audreylegros-psychologueenligne.com\/index.php\/mon-approche-et-mes-outils\/","og_site_name":"Audrey LEGROS","twitter_card":"summary_large_image","twitter_misc":{"Dur\u00e9e de lecture estim\u00e9e":"1 minute"},"schema":{"@context":"https:\/\/schema.org","@graph":[{"@type":"WebPage","@id":"https:\/\/www.audreylegros-psychologueenligne.com\/index.php\/mon-approche-et-mes-outils\/","url":"https:\/\/www.audreylegros-psychologueenligne.com\/index.php\/mon-approche-et-mes-outils\/","name":"Mon approche et mes outils - Audrey LEGROS","isPartOf":{"@id":"https:\/\/www.audreylegros-psychologueenligne.com\/#website"},"datePublished":"2026-04-12T17:03:14+00:00","dateModified":"2026-04-12T17:03:14+00:00","breadcrumb":{"@id":"https:\/\/www.audreylegros-psychologueenligne.com\/index.php\/mon-approche-et-mes-outils\/#breadcrumb"},"inLanguage":"fr-FR","potentialAction":[{"@type":"ReadAction","target":["https:\/\/www.audreylegros-psychologueenligne.com\/index.php\/mon-approche-et-mes-outils\/"]}]},{"@type":"BreadcrumbList","@id":"https:\/\/www.audreylegros-psychologueenligne.com\/index.php\/mon-approche-et-mes-outils\/#breadcrumb","itemListElement":[{"@type":"ListItem","position":1,"name":"Home","item":"https:\/\/www.audreylegros-psychologueenligne.com\/"},{"@type":"ListItem","position":2,"name":"Mon approche et mes outils"}]},{"@type":"WebSite","@id":"https:\/\/www.audreylegros-psychologueenligne.com\/#website","url":"https:\/\/www.audreylegros-psychologueenligne.com\/","name":"Audrey LEGROS Psychologue en Ligne","description":"Psychologue En Ligne - \u00c9coute, Soutien, Psychoth\u00e9rapie","publisher":{"@id":"https:\/\/www.audreylegros-psychologueenligne.com\/#\/schema\/person\/c9a41a80f6256c9ffafe7532707e1e54"},"potentialAction":[{"@type":"SearchAction","target":{"@type":"EntryPoint","urlTemplate":"https:\/\/www.audreylegros-psychologueenligne.com\/?s={search_term_string}"},"query-input":"required name=search_term_string"}],"inLanguage":"fr-FR"},{"@type":["Person","Organization"],"@id":"https:\/\/www.audreylegros-psychologueenligne.com\/#\/schema\/person\/c9a41a80f6256c9ffafe7532707e1e54","name":"Youpi","image":{"@type":"ImageObject","inLanguage":"fr-FR","@id":"https:\/\/www.audreylegros-psychologueenligne.com\/#\/schema\/person\/image\/","url":"https:\/\/secure.gravatar.com\/avatar\/58aa2c9cccd118aa81e86637482bb6ab980853f0abee8c4ba5938dd0611931c2?s=96&d=mm&r=g","contentUrl":"https:\/\/secure.gravatar.com\/avatar\/58aa2c9cccd118aa81e86637482bb6ab980853f0abee8c4ba5938dd0611931c2?s=96&d=mm&r=g","caption":"Youpi"},"logo":{"@id":"https:\/\/www.audreylegros-psychologueenligne.com\/#\/schema\/person\/image\/"},"sameAs":["http:\/\/audreylegros-therapeuteintuitive.com"]}]}},"_links":{"self":[{"href":"https:\/\/www.audreylegros-psychologueenligne.com\/index.php\/wp-json\/wp\/v2\/pages\/335","targetHints":{"allow":["GET"]}}],"collection":[{"href":"https:\/\/www.audreylegros-psychologueenligne.com\/index.php\/wp-json\/wp\/v2\/pages"}],"about":[{"href":"https:\/\/www.audreylegros-psychologueenligne.com\/index.php\/wp-json\/wp\/v2\/types\/page"}],"author":[{"embeddable":true,"href":"https:\/\/www.audreylegros-psychologueenligne.com\/index.php\/wp-json\/wp\/v2\/users\/1"}],"replies":[{"embeddable":true,"href":"https:\/\/www.audreylegros-psychologueenligne.com\/index.php\/wp-json\/wp\/v2\/comments?post=335"}],"version-history":[{"count":1,"href":"https:\/\/www.audreylegros-psychologueenligne.com\/index.php\/wp-json\/wp\/v2\/pages\/335\/revisions"}],"predecessor-version":[{"id":336,"href":"https:\/\/www.audreylegros-psychologueenligne.com\/index.php\/wp-json\/wp\/v2\/pages\/335\/revisions\/336"}],"wp:attachment":[{"href":"https:\/\/www.audreylegros-psychologueenligne.com\/index.php\/wp-json\/wp\/v2\/media?parent=335"}],"curies":[{"name":"wp","href":"https:\/\/api.w.org\/{rel}","templated":true}]}}