{"id":279,"date":"2023-07-02T23:30:56","date_gmt":"2023-07-02T21:30:56","guid":{"rendered":"https:\/\/www.audreylegros-psychologueenligne.com\/?page_id=279"},"modified":"2024-04-25T14:26:07","modified_gmt":"2024-04-25T12:26:07","slug":"psychologue-en-ligne-psychotherapie","status":"publish","type":"page","link":"https:\/\/www.audreylegros-psychologueenligne.com\/","title":{"rendered":"Accueil"},"content":{"rendered":"\n<figure class=\"wp-block-image size-large is-style-rounded\"><img loading=\"lazy\" decoding=\"async\" width=\"1024\" height=\"684\" src=\"https:\/\/www.audreylegros-psychologueenligne.com\/wp-content\/uploads\/2024\/02\/fauteuils-1-1024x684.jpg\" alt=\"T\u00e9l\u00e9consultation \nPsychologue en ligne\nPsychoth\u00e9rapie Int\u00e9grative \" class=\"wp-image-289\" srcset=\"https:\/\/www.audreylegros-psychologueenligne.com\/wp-content\/uploads\/2024\/02\/fauteuils-1-1024x684.jpg 1024w, https:\/\/www.audreylegros-psychologueenligne.com\/wp-content\/uploads\/2024\/02\/fauteuils-1-300x200.jpg 300w, https:\/\/www.audreylegros-psychologueenligne.com\/wp-content\/uploads\/2024\/02\/fauteuils-1-768x513.jpg 768w, https:\/\/www.audreylegros-psychologueenligne.com\/wp-content\/uploads\/2024\/02\/fauteuils-1-1536x1025.jpg 1536w, https:\/\/www.audreylegros-psychologueenligne.com\/wp-content\/uploads\/2024\/02\/fauteuils-1-2048x1367.jpg 2048w\" sizes=\"auto, (max-width: 767px) 89vw, (max-width: 1000px) 54vw, (max-width: 1071px) 543px, 580px\" \/><\/figure>\n\n\n\n<div class=\"wp-block-group\"><div class=\"wp-block-group__inner-container is-layout-constrained wp-block-group-is-layout-constrained\">\n<h2 class=\"wp-block-heading\">Consulter un psychologue &#8211; psychoth\u00e9rapeute<\/h2>\n\n\n\n<p>L&rsquo;image du psychologue et du fou est heureusement aujourd&rsquo;hui de plus en plus obsol\u00e8te. La population semble comprendre que la sant\u00e9 mentale est tout aussi importante que la sant\u00e9 physique. Rencontrer des difficult\u00e9s, souffrir d&rsquo;une situation, r\u00e9p\u00e9ter des comportements inadapt\u00e9s ou s&rsquo;enfermer dans des relations d&#8217;emprise ou de d\u00e9pendance font partie de la vie des \u00eatres humains. Malheureusement&#8230;<\/p>\n\n\n\n<p>En faisant appel \u00e0 un psychologue, vous vous autorisez \u00e0 mettre des mots sur vos difficult\u00e9s et votre souffrance. Vous vous accordez un temps rien que pour vous au sein duquel les \u00e9changes vous seront compl\u00e8tement d\u00e9di\u00e9s. En effet, les consultations psychologiques vous offrent un espace de parole libre, confidentiel, s\u00e9curisant et intimiste. Le psychologue-psychoth\u00e9rapeute est form\u00e9 \u00e0 l&rsquo;\u00e9coute et \u00e0 la compr\u00e9hension du psychisme humain.<\/p>\n\n\n\n<p>Lors de nos rencontres, nous allons travailler ensemble dans la compr\u00e9hension de votre probl\u00e9matique. Collaboration, int\u00e9ractions et recherche active de vos ressources nous permettront de lib\u00e9rer vos blocages et de lib\u00e9rer la pleine expression de votre \u00eatre authentique. Je serai une sorte de b\u00e9quille psychologique vous accompagnant vers votre autonomie.<\/p>\n<\/div><\/div>\n\n\n\n<div class=\"wp-block-group\"><div class=\"wp-block-group__inner-container is-layout-constrained wp-block-group-is-layout-constrained\">\n<h2 class=\"wp-block-heading\">Mon approche<\/h2>\n\n\n\n<p>Passionn\u00e9e par la psychologie depuis l&rsquo;enfance, je me suis tout d&rsquo;abord int\u00e9ress\u00e9e \u00e0 la psychanalyse. Puis au fur et \u00e0 mesure de mes lectures et de mon cursus universitaire, j&rsquo;ai d\u00e9couvert les diff\u00e9rents cadres th\u00e9oriques de la psychologie (cognitif, comportemental, humaniste, syst\u00e9mique, psychosocial&#8230;). J&rsquo;ai d\u00e9couvert une richesse scientifique et de nombreuses approches pertinentes dans la compr\u00e9hension du psychisme humain. J&rsquo;ai fait le choix d&rsquo;opter pour une approche int\u00e9grative qui permet d&rsquo;int\u00e9grer des concepts et des outils de ces diff\u00e9rentes approches.<\/p>\n\n\n\n<p>ICV (Int\u00e9gration du Cycle de la Vie), TCC, th\u00e9rapie des sch\u00e9mas, CNV, type d&rsquo;attachement viennent donc alimenter ma compr\u00e9hension de l&rsquo;\u00eatre humain ainsi que ma pratique. En fonction de votre probl\u00e9matique, je s\u00e9lectionne les outils les plus adapt\u00e9s. Tout ceci dans le respect de votre rythme et de votre demande.<\/p>\n<\/div><\/div>\n\n\n\n<div class=\"wp-block-group\"><div class=\"wp-block-group__inner-container is-layout-constrained wp-block-group-is-layout-constrained\">\n<h2 class=\"wp-block-heading\">Mon parcours<\/h2>\n\n\n\n<p>Titulaire d&rsquo;un Master 2 de Psychologie, je suis psychologue clinicienne et psychoth\u00e9rapeute. J&rsquo;ai choisi au fur et \u00e0 mesure de ma pratique de travailler uniquement aupr\u00e8s des adultes.<\/p>\n\n\n\n<p>Sp\u00e9cialis\u00e9e dans l&rsquo;attachement, la psychotraumatologie et les relations interpersonnelles, je vous accompagne dans la compr\u00e9hension de votre fonctionnement intime, la compr\u00e9hension des sch\u00e9mas dysfonctionnels et la r\u00e9solution des probl\u00e8mes.<\/p>\n<\/div><\/div>\n\n\n\n<div class=\"wp-block-group\"><div class=\"wp-block-group__inner-container is-layout-constrained wp-block-group-is-layout-constrained\">\n<h2 class=\"wp-block-heading\">Qu&rsquo;est-ce que la psychoth\u00e9rapie ?<\/h2>\n\n\n\n<p>La psychoth\u00e9rapie est le traitement de la perturbation de processus psychologiques. Elle a pour objectif d&rsquo;am\u00e9liorer l&rsquo;\u00e9tat psychique de la personne qui consulte.<\/p>\n\n\n\n<p>Elle s&rsquo;adresse donc \u00e0 toutes personnes en souffrance. Elle vise \u00e0 identifier les processus psychologiques dysfonctionnels mis en place lors de situations difficiles, de comportements probl\u00e9matiques ou de sch\u00e9mas r\u00e9p\u00e9titifs. Une fois l&rsquo;identification de ces processus r\u00e9alis\u00e9e, un travail th\u00e9rapeutique peut alors se mettre en place afin de retrouver un \u00e9quilibre de vie sain et \u00e9panouissant.<\/p>\n<\/div><\/div>\n\n\n\n<div class=\"wp-block-group\"><div class=\"wp-block-group__inner-container is-layout-constrained wp-block-group-is-layout-constrained\">\n<h2 class=\"wp-block-heading\">En Ligne, Prendre RDV<\/h2>\n\n\n\n<p>En Ligne : Pour permettre une plus grande accessibilit\u00e9, j&rsquo;ai choisi de travailler en ligne. Cela vous permet de me consulter \u00e0 distance depuis chez vous ou \u00e0 l&rsquo;\u00e9tranger.<\/p>\n\n\n\n<p>Les t\u00e9l\u00e9consultations permettent \u00e9galement aux expatri\u00e9s de consulter une psychologue qui parle leur langue maternelle. Un plus lors d&rsquo;une exp\u00e9rience d&rsquo;expatriation pour se reconnecter \u00e0 ses racines.<\/p>\n\n\n\n<p>Pour prendre RDV, contactez-moi au <a href=\"tel:0664329305\">06.64.32.93.05<\/a> ou prenez directement<a href=\"https:\/\/www.doctolib.fr\/psychologue\/lille\/audrey-legros\"> RDV via Doctolib<\/a>!<\/p>\n<\/div><\/div>\n","protected":false},"excerpt":{"rendered":"<p>Consulter un psychologue &#8211; psychoth\u00e9rapeute L&rsquo;image du psychologue et du fou est heureusement aujourd&rsquo;hui de plus en plus obsol\u00e8te. La population semble comprendre que la sant\u00e9 mentale est tout aussi importante que la sant\u00e9 physique. Rencontrer des difficult\u00e9s, souffrir d&rsquo;une situation, r\u00e9p\u00e9ter des comportements inadapt\u00e9s ou s&rsquo;enfermer dans des relations d&#8217;emprise ou de d\u00e9pendance font &hellip; <\/p>\n<p class=\"link-more\"><a href=\"https:\/\/www.audreylegros-psychologueenligne.com\/\" class=\"more-link\">Continuer la lecture<span class=\"screen-reader-text\"> de &laquo;&nbsp;Accueil&nbsp;&raquo;<\/span><\/a><\/p>\n","protected":false},"author":1,"featured_media":0,"parent":0,"menu_order":0,"comment_status":"closed","ping_status":"closed","template":"","meta":{"footnotes":""},"class_list":["post-279","page","type-page","status-publish","hentry"],"yoast_head":"<!-- This site is optimized with the Yoast SEO plugin v21.8.1 - https:\/\/yoast.com\/wordpress\/plugins\/seo\/ -->\n<title>Accueil - Audrey LEGROS<\/title>\n<meta name=\"description\" content=\"Totalement bloqu\u00e9s, vous n&#039;arrivez pas \u00e0 sortir de la t\u00eate de l&#039;eau. Consulter un psychologue en ligne est une excellente fa\u00e7on de commencer\" \/>\n<meta name=\"robots\" content=\"index, follow, max-snippet:-1, max-image-preview:large, max-video-preview:-1\" \/>\n<link rel=\"canonical\" href=\"https:\/\/www.audreylegros-psychologueenligne.com\/\" \/>\n<meta property=\"og:locale\" content=\"fr_FR\" \/>\n<meta property=\"og:type\" content=\"article\" \/>\n<meta property=\"og:title\" content=\"Accueil - Audrey LEGROS\" \/>\n<meta property=\"og:description\" content=\"Totalement bloqu\u00e9s, vous n&#039;arrivez pas \u00e0 sortir de la t\u00eate de l&#039;eau. Consulter un psychologue en ligne est une excellente fa\u00e7on de commencer\" \/>\n<meta property=\"og:url\" content=\"https:\/\/www.audreylegros-psychologueenligne.com\/\" \/>\n<meta property=\"og:site_name\" content=\"Audrey LEGROS\" \/>\n<meta property=\"article:modified_time\" content=\"2024-04-25T12:26:07+00:00\" \/>\n<meta property=\"og:image\" content=\"https:\/\/www.audreylegros-psychologueenligne.com\/wp-content\/uploads\/2024\/02\/fauteuils-1-1024x684.jpg\" \/>\n<meta name=\"twitter:card\" content=\"summary_large_image\" \/>\n<meta name=\"twitter:label1\" content=\"Dur\u00e9e de lecture estim\u00e9e\" \/>\n\t<meta name=\"twitter:data1\" content=\"3 minutes\" \/>\n<script type=\"application\/ld+json\" class=\"yoast-schema-graph\">{\"@context\":\"https:\/\/schema.org\",\"@graph\":[{\"@type\":\"WebPage\",\"@id\":\"https:\/\/www.audreylegros-psychologueenligne.com\/\",\"url\":\"https:\/\/www.audreylegros-psychologueenligne.com\/\",\"name\":\"Accueil - Audrey LEGROS\",\"isPartOf\":{\"@id\":\"https:\/\/www.audreylegros-psychologueenligne.com\/#website\"},\"datePublished\":\"2023-07-02T21:30:56+00:00\",\"dateModified\":\"2024-04-25T12:26:07+00:00\",\"description\":\"Totalement bloqu\u00e9s, vous n'arrivez pas \u00e0 sortir de la t\u00eate de l'eau. Consulter un psychologue en ligne est une excellente fa\u00e7on de commencer\",\"breadcrumb\":{\"@id\":\"https:\/\/www.audreylegros-psychologueenligne.com\/#breadcrumb\"},\"inLanguage\":\"fr-FR\",\"potentialAction\":[{\"@type\":\"ReadAction\",\"target\":[\"https:\/\/www.audreylegros-psychologueenligne.com\/\"]}]},{\"@type\":\"BreadcrumbList\",\"@id\":\"https:\/\/www.audreylegros-psychologueenligne.com\/#breadcrumb\",\"itemListElement\":[{\"@type\":\"ListItem\",\"position\":1,\"name\":\"Home\",\"item\":\"https:\/\/www.audreylegros-psychologueenligne.com\/\"},{\"@type\":\"ListItem\",\"position\":2,\"name\":\"Accueil\"}]},{\"@type\":\"WebSite\",\"@id\":\"https:\/\/www.audreylegros-psychologueenligne.com\/#website\",\"url\":\"https:\/\/www.audreylegros-psychologueenligne.com\/\",\"name\":\"Audrey LEGROS Psychologue en Ligne\",\"description\":\"Psychologue En Ligne - \u00c9coute, Soutien, Psychoth\u00e9rapie\",\"publisher\":{\"@id\":\"https:\/\/www.audreylegros-psychologueenligne.com\/#\/schema\/person\/c9a41a80f6256c9ffafe7532707e1e54\"},\"potentialAction\":[{\"@type\":\"SearchAction\",\"target\":{\"@type\":\"EntryPoint\",\"urlTemplate\":\"https:\/\/www.audreylegros-psychologueenligne.com\/?s={search_term_string}\"},\"query-input\":\"required name=search_term_string\"}],\"inLanguage\":\"fr-FR\"},{\"@type\":[\"Person\",\"Organization\"],\"@id\":\"https:\/\/www.audreylegros-psychologueenligne.com\/#\/schema\/person\/c9a41a80f6256c9ffafe7532707e1e54\",\"name\":\"Youpi\",\"image\":{\"@type\":\"ImageObject\",\"inLanguage\":\"fr-FR\",\"@id\":\"https:\/\/www.audreylegros-psychologueenligne.com\/#\/schema\/person\/image\/\",\"url\":\"https:\/\/secure.gravatar.com\/avatar\/58aa2c9cccd118aa81e86637482bb6ab980853f0abee8c4ba5938dd0611931c2?s=96&d=mm&r=g\",\"contentUrl\":\"https:\/\/secure.gravatar.com\/avatar\/58aa2c9cccd118aa81e86637482bb6ab980853f0abee8c4ba5938dd0611931c2?s=96&d=mm&r=g\",\"caption\":\"Youpi\"},\"logo\":{\"@id\":\"https:\/\/www.audreylegros-psychologueenligne.com\/#\/schema\/person\/image\/\"},\"sameAs\":[\"http:\/\/audreylegros-therapeuteintuitive.com\"]}]}<\/script>\n<!-- \/ Yoast SEO plugin. -->","yoast_head_json":{"title":"Accueil - Audrey LEGROS","description":"Totalement bloqu\u00e9s, vous n'arrivez pas \u00e0 sortir de la t\u00eate de l'eau. Consulter un psychologue en ligne est une excellente fa\u00e7on de commencer","robots":{"index":"index","follow":"follow","max-snippet":"max-snippet:-1","max-image-preview":"max-image-preview:large","max-video-preview":"max-video-preview:-1"},"canonical":"https:\/\/www.audreylegros-psychologueenligne.com\/","og_locale":"fr_FR","og_type":"article","og_title":"Accueil - Audrey LEGROS","og_description":"Totalement bloqu\u00e9s, vous n'arrivez pas \u00e0 sortir de la t\u00eate de l'eau. Consulter un psychologue en ligne est une excellente fa\u00e7on de commencer","og_url":"https:\/\/www.audreylegros-psychologueenligne.com\/","og_site_name":"Audrey LEGROS","article_modified_time":"2024-04-25T12:26:07+00:00","og_image":[{"url":"https:\/\/www.audreylegros-psychologueenligne.com\/wp-content\/uploads\/2024\/02\/fauteuils-1-1024x684.jpg"}],"twitter_card":"summary_large_image","twitter_misc":{"Dur\u00e9e de lecture estim\u00e9e":"3 minutes"},"schema":{"@context":"https:\/\/schema.org","@graph":[{"@type":"WebPage","@id":"https:\/\/www.audreylegros-psychologueenligne.com\/","url":"https:\/\/www.audreylegros-psychologueenligne.com\/","name":"Accueil - Audrey LEGROS","isPartOf":{"@id":"https:\/\/www.audreylegros-psychologueenligne.com\/#website"},"datePublished":"2023-07-02T21:30:56+00:00","dateModified":"2024-04-25T12:26:07+00:00","description":"Totalement bloqu\u00e9s, vous n'arrivez pas \u00e0 sortir de la t\u00eate de l'eau. Consulter un psychologue en ligne est une excellente fa\u00e7on de commencer","breadcrumb":{"@id":"https:\/\/www.audreylegros-psychologueenligne.com\/#breadcrumb"},"inLanguage":"fr-FR","potentialAction":[{"@type":"ReadAction","target":["https:\/\/www.audreylegros-psychologueenligne.com\/"]}]},{"@type":"BreadcrumbList","@id":"https:\/\/www.audreylegros-psychologueenligne.com\/#breadcrumb","itemListElement":[{"@type":"ListItem","position":1,"name":"Home","item":"https:\/\/www.audreylegros-psychologueenligne.com\/"},{"@type":"ListItem","position":2,"name":"Accueil"}]},{"@type":"WebSite","@id":"https:\/\/www.audreylegros-psychologueenligne.com\/#website","url":"https:\/\/www.audreylegros-psychologueenligne.com\/","name":"Audrey LEGROS Psychologue en Ligne","description":"Psychologue En Ligne - \u00c9coute, Soutien, Psychoth\u00e9rapie","publisher":{"@id":"https:\/\/www.audreylegros-psychologueenligne.com\/#\/schema\/person\/c9a41a80f6256c9ffafe7532707e1e54"},"potentialAction":[{"@type":"SearchAction","target":{"@type":"EntryPoint","urlTemplate":"https:\/\/www.audreylegros-psychologueenligne.com\/?s={search_term_string}"},"query-input":"required name=search_term_string"}],"inLanguage":"fr-FR"},{"@type":["Person","Organization"],"@id":"https:\/\/www.audreylegros-psychologueenligne.com\/#\/schema\/person\/c9a41a80f6256c9ffafe7532707e1e54","name":"Youpi","image":{"@type":"ImageObject","inLanguage":"fr-FR","@id":"https:\/\/www.audreylegros-psychologueenligne.com\/#\/schema\/person\/image\/","url":"https:\/\/secure.gravatar.com\/avatar\/58aa2c9cccd118aa81e86637482bb6ab980853f0abee8c4ba5938dd0611931c2?s=96&d=mm&r=g","contentUrl":"https:\/\/secure.gravatar.com\/avatar\/58aa2c9cccd118aa81e86637482bb6ab980853f0abee8c4ba5938dd0611931c2?s=96&d=mm&r=g","caption":"Youpi"},"logo":{"@id":"https:\/\/www.audreylegros-psychologueenligne.com\/#\/schema\/person\/image\/"},"sameAs":["http:\/\/audreylegros-therapeuteintuitive.com"]}]}},"_links":{"self":[{"href":"https:\/\/www.audreylegros-psychologueenligne.com\/index.php\/wp-json\/wp\/v2\/pages\/279","targetHints":{"allow":["GET"]}}],"collection":[{"href":"https:\/\/www.audreylegros-psychologueenligne.com\/index.php\/wp-json\/wp\/v2\/pages"}],"about":[{"href":"https:\/\/www.audreylegros-psychologueenligne.com\/index.php\/wp-json\/wp\/v2\/types\/page"}],"author":[{"embeddable":true,"href":"https:\/\/www.audreylegros-psychologueenligne.com\/index.php\/wp-json\/wp\/v2\/users\/1"}],"replies":[{"embeddable":true,"href":"https:\/\/www.audreylegros-psychologueenligne.com\/index.php\/wp-json\/wp\/v2\/comments?post=279"}],"version-history":[{"count":5,"href":"https:\/\/www.audreylegros-psychologueenligne.com\/index.php\/wp-json\/wp\/v2\/pages\/279\/revisions"}],"predecessor-version":[{"id":312,"href":"https:\/\/www.audreylegros-psychologueenligne.com\/index.php\/wp-json\/wp\/v2\/pages\/279\/revisions\/312"}],"wp:attachment":[{"href":"https:\/\/www.audreylegros-psychologueenligne.com\/index.php\/wp-json\/wp\/v2\/media?parent=279"}],"curies":[{"name":"wp","href":"https:\/\/api.w.org\/{rel}","templated":true}]}}